{"id":1035,"date":"2018-08-29T16:30:03","date_gmt":"2018-08-29T19:30:03","guid":{"rendered":"https:\/\/ens9-caba.infd.edu.ar\/sitio\/autoridades\/"},"modified":"2025-06-13T14:00:16","modified_gmt":"2025-06-13T17:00:16","slug":"autoridades","status":"publish","type":"page","link":"https:\/\/ens9-caba.infd.edu.ar\/sitio\/autoridades\/","title":{"rendered":"Autoridades"},"content":{"rendered":"<p><em><u>Rectora de la Instituci\u00f3n<\/u><\/em><em>: <\/em>Prof. Gabriela Mefano<\/p>\n<p><span style=\"text-decoration: underline;\"><em>Vicerrectora de la Instituci\u00f3n<\/em><\/span><em>: <\/em>Prof. Julieta Kirczyk<\/p>\n<p><em><u>Secretaria de la Instituci\u00f3n<\/u><\/em><em>: <\/em>Prof. Andrea Alejandra Gonz\u00e1lez<\/p>\n<p><strong><em><u>NIVEL TERCIARIO<\/u><\/em><\/strong><\/p>\n<p><em><u>Regente Nivel Terciario<\/u><\/em><em>: En proceso electoral<\/em><\/p>\n<p><span style=\"text-decoration: underline;\"><em>Jefe de Bedeles del Nivel Terciario<\/em><\/span>: Prof. Gustavo Vacirca<\/p>\n<p><strong><em><u>NIVEL MEDIO<\/u><\/em><\/strong><\/p>\n<p><em><u>Directora de Nivel Medio Turnos varios:<\/u><\/em> Prof. Romina Ntaka<\/p>\n<p><em><u>Vicedirectora de Nivel Medio Turnos varios <\/u><\/em><em>: <\/em>Prof. Margarita Sanabria<\/p>\n<p><em><u>Prosecretaria<\/u><\/em><em>: <\/em>Prof. Gabriela Arce<\/p>\n<p><strong><em><u>NIVEL PRIMARIO<\/u><\/em><\/strong><\/p>\n<p><em><u>Regente de Nivel Primario suplente<\/u><\/em><em>:\u00a0<\/em>Prof. Marcela De Majo<\/p>\n<p><span style=\"text-decoration: underline;\"><i>Subgerente<\/i><\/span><em><span style=\"text-decoration: underline;\"> de Nivel Primario suplente<\/span>:\u00a0<\/em>Prof. Federico Velazco<\/p>\n<p><em><u>Maestra Secretaria de Nivel Primario suplente<\/u><\/em><em>: <\/em>Prof. Janis Albornoz Parra<\/p>\n<p><strong><em><u>NIVEL INICIAL<\/u><\/em><\/strong><\/p>\n<p><em><u>Directora de Nivel Inicia<\/u><\/em><em><u>l:<\/u><\/em> Prof. Romina Micele<\/p>\n<p><em><u>Maestra Secretaria de Nivel Inicial<\/u><\/em><em>: <\/em>Prof. \u00c9lida Alejandra Gonz\u00e1lez<\/p>\n","protected":false},"excerpt":{"rendered":"<p>Rectora de la Instituci\u00f3n: Prof. Gabriela Mefano Vicerrectora de la Instituci\u00f3n: Prof. Julieta Kirczyk Secretaria de la Instituci\u00f3n: Prof. Andrea Alejandra Gonz\u00e1lez NIVEL TERCIARIO Regente Nivel Terciario: En proceso electoral Jefe de Bedeles del Nivel Terciario: Prof. Gustavo Vacirca NIVEL MEDIO Directora de Nivel Medio Turnos varios: Prof. Romina Ntaka Vicedirectora de Nivel Medio Turnos &#8230; <a title=\"Autoridades\" class=\"read-more\" href=\"https:\/\/ens9-caba.infd.edu.ar\/sitio\/autoridades\/\" aria-label=\"More on Autoridades\">[+]<\/a><\/p>\n","protected":false},"author":1836,"featured_media":0,"parent":0,"menu_order":0,"comment_status":"closed","ping_status":"closed","template":"","meta":[],"acf":[],"_links":{"self":[{"href":"https:\/\/ens9-caba.infd.edu.ar\/sitio\/wp-json\/wp\/v2\/pages\/1035"}],"collection":[{"href":"https:\/\/ens9-caba.infd.edu.ar\/sitio\/wp-json\/wp\/v2\/pages"}],"about":[{"href":"https:\/\/ens9-caba.infd.edu.ar\/sitio\/wp-json\/wp\/v2\/types\/page"}],"author":[{"embeddable":true,"href":"https:\/\/ens9-caba.infd.edu.ar\/sitio\/wp-json\/wp\/v2\/users\/1836"}],"replies":[{"embeddable":true,"href":"https:\/\/ens9-caba.infd.edu.ar\/sitio\/wp-json\/wp\/v2\/comments?post=1035"}],"version-history":[{"count":20,"href":"https:\/\/ens9-caba.infd.edu.ar\/sitio\/wp-json\/wp\/v2\/pages\/1035\/revisions"}],"predecessor-version":[{"id":1982,"href":"https:\/\/ens9-caba.infd.edu.ar\/sitio\/wp-json\/wp\/v2\/pages\/1035\/revisions\/1982"}],"wp:attachment":[{"href":"https:\/\/ens9-caba.infd.edu.ar\/sitio\/wp-json\/wp\/v2\/media?parent=1035"}],"curies":[{"name":"wp","href":"https:\/\/api.w.org\/{rel}","templated":true}]}}