{"id":1041,"date":"2018-08-29T16:30:05","date_gmt":"2018-08-29T19:30:05","guid":{"rendered":"https:\/\/ens9-caba.infd.edu.ar\/sitio\/ingresantes-2\/"},"modified":"2025-09-18T14:42:42","modified_gmt":"2025-09-18T17:42:42","slug":"ingresantes-2","status":"publish","type":"page","link":"https:\/\/ens9-caba.infd.edu.ar\/sitio\/ingresantes-2\/","title":{"rendered":"Ingresantes"},"content":{"rendered":"\n<p><\/p>\n\n\n\n<p class=\"has-text-align-center has-contrast-color has-contrast-3-background-color has-text-color has-background has-medium-font-size\"><strong>ATENCI\u00d3N: LA PREINSCRIPCI\u00d3N AL PROFESORADO PARA EL PRIMER CUATRIMESTRE 2026 ESTAR\u00c1 ABIERTA A PARTIR DEL 6 DE OCTUBRE AL 21 DE FEBRERO DE 2026<\/strong><br>INGRES\u00c1S A LA P\u00c1GINA DEL SIU GUARAN\u00cd PARA HACER LA PRE-INSCRIPCI\u00d3N<br><a rel=\"noreferrer noopener\" href=\"https:\/\/guarani-autogestionfdocente.bue.edu.ar\/preinscripcion\/caba\/acceso\" target=\"_blank\"> <strong>https:\/\/guarani-autogestionfdocente.bue.edu.ar\/preinscripcion\/caba\/acceso<\/strong><\/a> <\/p>\n\n\n\n<p class=\"has-contrast-3-background-color has-background\"><strong>TE DEJAMOS EL INSTRUCTIVO PARA COMPLETAR EN LA P\u00c1GINA DEL SIU GUARAN\u00cd: <a href=\"https:\/\/ens9-caba.infd.edu.ar\/sitio\/wp-content\/uploads\/2023\/09\/INSTRUCTIVO-DE-PREINSCRIPCION-ASPIRANTES.pdf\">INSTRUCTIVO PARA PRE-INSCRIPCI\u00d3N<\/a><\/strong><\/p>\n\n\n\n<p class=\"has-contrast-3-background-color has-background\"><strong>Una vez finalizada la preinscripci\u00f3n, impriman el comprobante y ac\u00e9rquenlo al Normal junto con toda la documentaci\u00f3n que se se\u00f1ala abajo. CUALQUIER DUDA NOS ESCRIBEN A BEDELIA.ENS9@BUE.EDU.AR<mark style=\"background-color:rgba(0, 0, 0, 0)\" class=\"has-inline-color has-black-color\"><\/mark><\/strong><\/p>\n\n\n<p style=\"text-align: center;\"><img decoding=\"async\" loading=\"lazy\" class=\"alignnone size-full wp-image-1999\" src=\"https:\/\/ens9-caba.infd.edu.ar\/sitio\/wp-content\/uploads\/2025\/09\/Oldlace-Floral-Sale-Facebook-Post1.jpg\" alt=\"\" width=\"940\" height=\"788\" srcset=\"https:\/\/ens9-caba.infd.edu.ar\/sitio\/wp-content\/uploads\/2025\/09\/Oldlace-Floral-Sale-Facebook-Post1.jpg 940w, https:\/\/ens9-caba.infd.edu.ar\/sitio\/wp-content\/uploads\/2025\/09\/Oldlace-Floral-Sale-Facebook-Post1-768x644.jpg 768w\" sizes=\"(max-width: 940px) 100vw, 940px\" \/><\/p>\n<div>\u00a0<\/div>\n<p><span style=\"font-family: verdana,geneva;\" data-mce-mark=\"1\"><span style=\"font-size: 10pt;\" data-mce-mark=\"1\"><span style=\"color: #3366ff;\" data-mce-mark=\"1\"><span style=\"color: #000080;\" data-mce-mark=\"1\"><span style=\"text-decoration: underline;\" data-mce-mark=\"1\"><strong>Requisitos<\/strong>:<\/span><\/span><\/span><\/span><\/span><\/p>\n<p><span style=\"font-family: verdana,geneva;\"><span style=\"font-size: 10pt;\"><span style=\"color: #0000ff;\"><img decoding=\"async\" title=\"Vi\u00f1eta\" src=\"https:\/\/ens9-caba.infd.edu.ar\/sitio\/wp-content\/uploads\/2018\/08\/1_051.gif\" alt=\"Vi\u00f1eta\" border=\"0\" \/><\/span> Fotocopia y original del t\u00edtulo Secundario<\/span><\/span><\/p>\n<p><span style=\"font-family: verdana,geneva;\"><span style=\"font-size: 10pt;\"><img decoding=\"async\" title=\"Vi\u00f1eta\" src=\"https:\/\/ens9-caba.infd.edu.ar\/sitio\/wp-content\/uploads\/2018\/08\/1_051.gif\" alt=\"Vi\u00f1eta\" border=\"0\" \/>\u00a0Fotocopia y original del D.N.I.<\/span><\/span><\/p>\n<p><span style=\"font-family: verdana,geneva;\"><span style=\"font-size: 10pt;\"><img decoding=\"async\" title=\"Vi\u00f1eta\" src=\"https:\/\/ens9-caba.infd.edu.ar\/sitio\/wp-content\/uploads\/2018\/08\/1_051.gif\" alt=\"Vi\u00f1eta\" border=\"0\" \/>\u00a0Tres fotos 4 x 4<\/span><\/span><\/p>\n<h1><span style=\"font-family: verdana,geneva;\"><span style=\"font-size: 10pt;\"><img decoding=\"async\" title=\"Vi\u00f1eta\" src=\"https:\/\/ens9-caba.infd.edu.ar\/sitio\/wp-content\/uploads\/2018\/08\/1_051.gif\" alt=\"Vi\u00f1eta\" border=\"0\" \/> Un folio tama\u00f1o oficio\u00a0<\/span><\/span><\/h1>\n<h4><span style=\"font-family: verdana,geneva;\"><span style=\"font-family: verdana,geneva;\"><img decoding=\"async\" title=\"Vi\u00f1eta\" src=\"https:\/\/ens9-caba.infd.edu.ar\/sitio\/wp-content\/uploads\/2018\/08\/1_051.gif\" alt=\"Vi\u00f1eta\" border=\"0\" \/><span style=\"font-family: verdana,geneva;\">\u00a0<span style=\"font-size: 10pt;\">Formulario N\u00b0 1: Es la car\u00e1tula de tu legajo que ten\u00e9s que completar con tus datos y se retira en fotocopiadora de Lavalle <\/span><span style=\"font-size: 10pt;\">o la imprim\u00eds <strong><a href=\"https:\/\/ens9-caba.infd.edu.ar\/sitio\/wp-content\/uploads\/2021\/06\/Formulario-1-PLANILLA_inscrip_LEGAJO_2021.doc\" target=\"_blank\" rel=\"noopener\">desde aqu\u00ed <\/a><\/strong><\/span><\/span><\/span><\/span><strong><span style=\"font-family: verdana,geneva;\"><span style=\"font-family: verdana,geneva;\"><span style=\"font-family: verdana,geneva;\">\u00a0<\/span> <\/span><\/span><\/strong><\/h4>\n<p><span style=\"color: #ff0000;\"><strong><span style=\"font-family: verdana,geneva;\"><span style=\"font-size: 10pt;\">De no tener al d\u00eda de la inscripci\u00f3n el t\u00edtulo traer:<\/span><\/span><\/strong><\/span><\/p>\n<p style=\"padding-left: 60px;\"><span style=\"font-family: verdana,geneva;\"><span style=\"font-size: 10pt;\"><span style=\"font-family: verdana,geneva;\"><span style=\"font-size: 10pt;\"><img decoding=\"async\" loading=\"lazy\" title=\"Vi\u00f1eta\" src=\"https:\/\/ens9-caba.infd.edu.ar\/sitio\/wp-content\/uploads\/2018\/08\/1_051.gif\" alt=\"Vi\u00f1eta\" width=\"21\" height=\"13\" border=\"0\" \/><\/span><\/span>\u00a0Fotocopia y original de la constancia de t\u00edtulo en tramite <\/span><\/span><\/p>\n<hr style=\"height: 1px; width: 500px;\" size=\"1\" width=\"500\" \/>\n<p style=\"text-align: justify;\"><span style=\"font-family: verdana,geneva; font-size: 10pt;\"><strong>\u00a0<\/strong><\/span><\/p>\n<p><span style=\"font-family: verdana,geneva; font-size: 10pt;\">\u00a0<\/span><\/p>","protected":false},"excerpt":{"rendered":"<p>ATENCI\u00d3N: LA PREINSCRIPCI\u00d3N AL PROFESORADO PARA EL PRIMER CUATRIMESTRE 2026 ESTAR\u00c1 ABIERTA A PARTIR DEL 6 DE OCTUBRE AL 21 DE FEBRERO DE 2026INGRES\u00c1S A LA P\u00c1GINA DEL SIU GUARAN\u00cd PARA HACER LA PRE-INSCRIPCI\u00d3N https:\/\/guarani-autogestionfdocente.bue.edu.ar\/preinscripcion\/caba\/acceso TE DEJAMOS EL INSTRUCTIVO PARA COMPLETAR EN LA P\u00c1GINA DEL SIU GUARAN\u00cd: INSTRUCTIVO PARA PRE-INSCRIPCI\u00d3N Una vez finalizada la preinscripci\u00f3n, &#8230; <a title=\"Ingresantes\" class=\"read-more\" href=\"https:\/\/ens9-caba.infd.edu.ar\/sitio\/ingresantes-2\/\" aria-label=\"More on Ingresantes\">[+]<\/a><\/p>\n","protected":false},"author":1836,"featured_media":0,"parent":0,"menu_order":0,"comment_status":"closed","ping_status":"closed","template":"","meta":[],"acf":[],"_links":{"self":[{"href":"https:\/\/ens9-caba.infd.edu.ar\/sitio\/wp-json\/wp\/v2\/pages\/1041"}],"collection":[{"href":"https:\/\/ens9-caba.infd.edu.ar\/sitio\/wp-json\/wp\/v2\/pages"}],"about":[{"href":"https:\/\/ens9-caba.infd.edu.ar\/sitio\/wp-json\/wp\/v2\/types\/page"}],"author":[{"embeddable":true,"href":"https:\/\/ens9-caba.infd.edu.ar\/sitio\/wp-json\/wp\/v2\/users\/1836"}],"replies":[{"embeddable":true,"href":"https:\/\/ens9-caba.infd.edu.ar\/sitio\/wp-json\/wp\/v2\/comments?post=1041"}],"version-history":[{"count":34,"href":"https:\/\/ens9-caba.infd.edu.ar\/sitio\/wp-json\/wp\/v2\/pages\/1041\/revisions"}],"predecessor-version":[{"id":2000,"href":"https:\/\/ens9-caba.infd.edu.ar\/sitio\/wp-json\/wp\/v2\/pages\/1041\/revisions\/2000"}],"wp:attachment":[{"href":"https:\/\/ens9-caba.infd.edu.ar\/sitio\/wp-json\/wp\/v2\/media?parent=1041"}],"curies":[{"name":"wp","href":"https:\/\/api.w.org\/{rel}","templated":true}]}}