{"id":1045,"date":"2018-08-29T16:30:06","date_gmt":"2018-08-29T19:30:06","guid":{"rendered":"https:\/\/ens9-caba.infd.edu.ar\/sitio\/educacion-inicial\/"},"modified":"2021-04-09T13:32:06","modified_gmt":"2021-04-09T16:32:06","slug":"educacion-inicial","status":"publish","type":"page","link":"https:\/\/ens9-caba.infd.edu.ar\/sitio\/educacion-inicial\/","title":{"rendered":"Educaci\u00f3n Inicial"},"content":{"rendered":"<p style=\"text-align: center;\"><span style=\"font-family: verdana,geneva;\"><span style=\"font-size: 10pt;\"><strong><span style=\"text-decoration: underline;\">Plan del Profesorado de Educaci\u00f3n Inicial (PEI)<\/span><\/strong>\u00a0<\/span><\/span><\/p>\n<p>Turno Tarde de 13.20 a 19.20 hs.<\/p>\n<p style=\"text-align: center;\">Resoluci\u00f3n 532\/2015SSGECP<\/p>\n<p><span style=\"font-family: verdana,geneva;\"><span style=\"font-size: 10pt;\"><strong><span style=\"text-decoration: underline;\">Duraci\u00f3n<\/span><\/strong>:\u00a0 3900 horas c\u00e1tedras y 2600 horas reloj.<\/span><\/span><\/p>\n<p><span style=\"font-family: verdana,geneva;\"><span style=\"font-size: 10pt;\"><strong><span style=\"text-decoration: underline;\">Campos de Formaci\u00f3n<\/span><\/strong>:<\/span><\/span><\/p>\n<ul>\n<li>\n<div><span style=\"font-family: verdana,geneva;\"><span style=\"font-size: 10pt;\">Campo de la Formaci\u00f3n General (CFG)<\/span><\/span><\/div>\n<\/li>\n<li>\n<div><span style=\"font-family: verdana,geneva;\"><span style=\"font-size: 10pt;\">Campo de la Formaci\u00f3n Espec\u00edfica (CFE)<\/span><\/span><\/div>\n<\/li>\n<li>Campo de la formaci\u00f3n en las Pr\u00e1cticas Profesionales (CFPP)<\/li>\n<li>\n<div><span style=\"font-family: verdana,geneva;\"><span style=\"font-size: 10pt;\">Horas de Definici\u00f3n Institucional &#8211; <span style=\"color: #ff6600;\"><strong>EDDIS<\/strong><\/span><\/span><\/span><\/div>\n<\/li>\n<\/ul>\n<p><strong><span style=\"text-decoration: underline;\"><span style=\"font-family: verdana,geneva;\"><span style=\"font-size: 10pt;\">Unidades Curriculares:<\/span><\/span><\/span><\/strong><\/p>\n<ul>\n<li>\n<div><span style=\"font-family: verdana,geneva;\"><span style=\"font-size: 10pt;\"><strong>Asignatura<\/strong>: promoci\u00f3n o examen final<\/span><\/span><\/div>\n<\/li>\n<li>\n<div><span style=\"font-family: verdana,geneva;\"><span style=\"font-size: 10pt;\"><strong>Seminario<\/strong>: Se acreditar\u00e1 mediante la producci\u00f3n y defensa de Trabajos finales.<\/span><\/span><\/div>\n<\/li>\n<li>\n<div><span style=\"font-family: verdana,geneva;\"><span style=\"font-size: 10pt;\"><strong>Taller<\/strong>: se acreditar\u00e1 con presentaci\u00f3n de trabajos.<\/span><\/span><\/div>\n<\/li>\n<li>\n<div><span style=\"font-family: verdana,geneva;\"><span style=\"font-size: 10pt;\"><strong>Trabajo de campo<\/strong>: Se acreditar\u00e1 mediante la producci\u00f3n y\u00a0 Presentaci\u00f3n p\u00fablica del trabajo realizado<\/span><\/span><\/div>\n<\/li>\n<\/ul>\n<p><span style=\"font-family: verdana,geneva;\"><span style=\"font-size: 10pt;\"><span style=\"text-decoration: underline;\"><strong>Pr\u00e1cticas docentes<\/strong>:<\/span><\/span><\/span><\/p>\n<ul>\n<li>\n<div><span style=\"font-family: verdana,geneva;\"><span style=\"font-size: 10pt;\">Experiencias de campo<\/span><\/span><\/div>\n<\/li>\n<li>\n<div><span style=\"font-family: verdana,geneva;\"><span style=\"font-size: 10pt;\">Pr\u00e1cticas de ense\u00f1anza<\/span><\/span><\/div>\n<\/li>\n<li>\n<div><span style=\"font-family: verdana,geneva;\"><span style=\"font-size: 10pt;\">Residencia Pedag\u00f3gico<\/span><\/span><\/div>\n<\/li>\n<li>\n<div><span style=\"font-family: verdana,geneva;\"><span style=\"font-size: 10pt;\"><strong>Trabajo aut\u00f3nomo de alumnos<\/strong>: son tareas que desarrollar\u00e1n los estudiantes en los seminarios y en el trabajo de campo.<\/span><\/span><\/div>\n<\/li>\n<\/ul>\n<p>CAJA CURRICULAR<\/p>\n<p><a href=\"https:\/\/ens9-caba.infd.edu.ar\/sitio\/wp-content\/uploads\/2021\/04\/Caja-Curricular-PCI_ENS9_PEI.pdf\">Caja Curricular PCI_ENS9_PEI<\/a><\/p>\n","protected":false},"excerpt":{"rendered":"<p>Plan del Profesorado de Educaci\u00f3n Inicial (PEI)\u00a0 Turno Tarde de 13.20 a 19.20 hs. Resoluci\u00f3n 532\/2015SSGECP Duraci\u00f3n:\u00a0 3900 horas c\u00e1tedras y 2600 horas reloj. Campos de Formaci\u00f3n: Campo de la Formaci\u00f3n General (CFG) Campo de la Formaci\u00f3n Espec\u00edfica (CFE) Campo de la formaci\u00f3n en las Pr\u00e1cticas Profesionales (CFPP) Horas de Definici\u00f3n Institucional &#8211; EDDIS Unidades &#8230; <a title=\"Educaci\u00f3n Inicial\" class=\"read-more\" href=\"https:\/\/ens9-caba.infd.edu.ar\/sitio\/educacion-inicial\/\" aria-label=\"More on Educaci\u00f3n Inicial\">[+]<\/a><\/p>\n","protected":false},"author":1391,"featured_media":0,"parent":0,"menu_order":0,"comment_status":"closed","ping_status":"closed","template":"","meta":[],"acf":[],"_links":{"self":[{"href":"https:\/\/ens9-caba.infd.edu.ar\/sitio\/wp-json\/wp\/v2\/pages\/1045"}],"collection":[{"href":"https:\/\/ens9-caba.infd.edu.ar\/sitio\/wp-json\/wp\/v2\/pages"}],"about":[{"href":"https:\/\/ens9-caba.infd.edu.ar\/sitio\/wp-json\/wp\/v2\/types\/page"}],"author":[{"embeddable":true,"href":"https:\/\/ens9-caba.infd.edu.ar\/sitio\/wp-json\/wp\/v2\/users\/1391"}],"replies":[{"embeddable":true,"href":"https:\/\/ens9-caba.infd.edu.ar\/sitio\/wp-json\/wp\/v2\/comments?post=1045"}],"version-history":[{"count":4,"href":"https:\/\/ens9-caba.infd.edu.ar\/sitio\/wp-json\/wp\/v2\/pages\/1045\/revisions"}],"predecessor-version":[{"id":1330,"href":"https:\/\/ens9-caba.infd.edu.ar\/sitio\/wp-json\/wp\/v2\/pages\/1045\/revisions\/1330"}],"wp:attachment":[{"href":"https:\/\/ens9-caba.infd.edu.ar\/sitio\/wp-json\/wp\/v2\/media?parent=1045"}],"curies":[{"name":"wp","href":"https:\/\/api.w.org\/{rel}","templated":true}]}}