{"id":1087,"date":"2018-08-29T16:30:21","date_gmt":"2018-08-29T19:30:21","guid":{"rendered":"https:\/\/ens9-caba.infd.edu.ar\/sitio\/equipo-docente\/"},"modified":"2022-04-29T17:31:04","modified_gmt":"2022-04-29T20:31:04","slug":"equipo-docente","status":"publish","type":"page","link":"https:\/\/ens9-caba.infd.edu.ar\/sitio\/equipo-docente\/","title":{"rendered":"Equipo Docente"},"content":{"rendered":"<p><span style=\"color: #000000;\"><strong><u>Equipo Docente<\/u><\/strong><\/span><\/p>\n<p><span style=\"color: #000000;\"><u>Direcci\u00f3n:<\/u><\/span><\/p>\n<p><span style=\"color: #000000;\">Directora: Prof. M\u00f3nica Barreiro<\/span><\/p>\n<p><span style=\"color: #000000;\">Maestra Secretaria: Prof. Alejandra Maid<\/span><\/p>\n<p><span style=\"color: #000000;\"><u>Turno Ma\u00f1ana:<\/u><\/span><\/p>\n<p><span style=\"color: #000000;\">Sala de 3 a\u00f1os: Prof. Lorena Alfaro Saavedra<\/span><\/p>\n<p><span style=\"color: #000000;\">Sala de 4 a\u00f1os: Prof. Leila Waijer<\/span><\/p>\n<p><span style=\"color: #000000;\">Sala de 5 a\u00f1os: Prof. Samanta Gantus<\/span><\/p>\n<p><span style=\"color: #000000;\">Maestra auxiliar: Prof.\u00a0Claudia Cabrera<\/span><\/p>\n<p><span style=\"color: #000000;\">Educaci\u00f3n F\u00edsica: Prof. Mariana Montero<\/span><\/p>\n<p><span style=\"color: #000000;\">Educaci\u00f3n Musical: Clara Schweitzer<\/span><\/p>\n<p><span style=\"color: #000000;\"><u>Turno Tarde<\/u>:<\/span><\/p>\n<p><span style=\"color: #000000;\">Sala de 3 a\u00f1os: Prof. Silvana Arias<\/span><\/p>\n<p><span style=\"color: #000000;\">Sala de 4 a\u00f1os:\u00a0Prof.\u00a0Alejandra Bazaga<\/span><\/p>\n<p><span style=\"color: #000000;\">Sala de 5 a\u00f1os: Prof. Lorena Alfaro Saavedra<\/span><\/p>\n<p><span style=\"color: #000000;\">Maestra auxiliar: Prof. Irma Ferr\u00e9 Pintos<\/span><\/p>\n<p><span style=\"color: #000000;\">Educaci\u00f3n F\u00edsica: Prof. Mariana Montero<\/span><\/p>\n<p><span style=\"color: #000000;\">Educaci\u00f3n Musical: Prof. Lilian Alberti<\/span><\/p>\n<p><img decoding=\"async\" title=\"inicial_03\" src=\"https:\/\/ens9-caba.infd.edu.ar\/sitio\/wp-content\/uploads\/2018\/08\/FOTONI_1.jpg\" alt=\"inicial_03\" border=\"0\" \/><\/p>\n","protected":false},"excerpt":{"rendered":"<p>Equipo Docente Direcci\u00f3n: Directora: Prof. M\u00f3nica Barreiro Maestra Secretaria: Prof. Alejandra Maid Turno Ma\u00f1ana: Sala de 3 a\u00f1os: Prof. Lorena Alfaro Saavedra Sala de 4 a\u00f1os: Prof. Leila Waijer Sala de 5 a\u00f1os: Prof. Samanta Gantus Maestra auxiliar: Prof.\u00a0Claudia Cabrera Educaci\u00f3n F\u00edsica: Prof. Mariana Montero Educaci\u00f3n Musical: Clara Schweitzer Turno Tarde: Sala de 3 a\u00f1os: &#8230; <a title=\"Equipo Docente\" class=\"read-more\" href=\"https:\/\/ens9-caba.infd.edu.ar\/sitio\/equipo-docente\/\" aria-label=\"More on Equipo Docente\">[+]<\/a><\/p>\n","protected":false},"author":1391,"featured_media":0,"parent":0,"menu_order":0,"comment_status":"closed","ping_status":"closed","template":"","meta":[],"acf":[],"_links":{"self":[{"href":"https:\/\/ens9-caba.infd.edu.ar\/sitio\/wp-json\/wp\/v2\/pages\/1087"}],"collection":[{"href":"https:\/\/ens9-caba.infd.edu.ar\/sitio\/wp-json\/wp\/v2\/pages"}],"about":[{"href":"https:\/\/ens9-caba.infd.edu.ar\/sitio\/wp-json\/wp\/v2\/types\/page"}],"author":[{"embeddable":true,"href":"https:\/\/ens9-caba.infd.edu.ar\/sitio\/wp-json\/wp\/v2\/users\/1391"}],"replies":[{"embeddable":true,"href":"https:\/\/ens9-caba.infd.edu.ar\/sitio\/wp-json\/wp\/v2\/comments?post=1087"}],"version-history":[{"count":2,"href":"https:\/\/ens9-caba.infd.edu.ar\/sitio\/wp-json\/wp\/v2\/pages\/1087\/revisions"}],"predecessor-version":[{"id":1520,"href":"https:\/\/ens9-caba.infd.edu.ar\/sitio\/wp-json\/wp\/v2\/pages\/1087\/revisions\/1520"}],"wp:attachment":[{"href":"https:\/\/ens9-caba.infd.edu.ar\/sitio\/wp-json\/wp\/v2\/media?parent=1087"}],"curies":[{"name":"wp","href":"https:\/\/api.w.org\/{rel}","templated":true}]}}