{"id":1210,"date":"2020-12-04T20:05:58","date_gmt":"2020-12-04T23:05:58","guid":{"rendered":"https:\/\/ens9-caba.infd.edu.ar\/sitio\/?page_id=1210"},"modified":"2022-10-13T10:32:33","modified_gmt":"2022-10-13T13:32:33","slug":"revista-bitacora-9","status":"publish","type":"page","link":"https:\/\/ens9-caba.infd.edu.ar\/sitio\/revista-bitacora-9\/","title":{"rendered":"Revista Bit\u00e1cora 9"},"content":{"rendered":"<p><strong><span style=\"color: black;\">Bit\u00e1cora 9<\/span><\/strong> muestra un camino a la vez que lo construye.<br \/>Muestra una huella, un rastro, una estela de esa construcci\u00f3n.<br \/>Los invitamos a que se sumen a nuestros viajes y naveguemos juntos.<\/p>\n<p><a href=\"https:\/\/ens9-caba.infd.edu.ar\/sitio\/wp-content\/uploads\/2022\/03\/Bitacora-9-EDICION-2019_v6.pdf\" target=\"_blank\" rel=\"noopener\">Revista Bit\u00e1cora 9 &#8211; A\u00f1o 1 &#8211; Edici\u00f3n 1<\/a><\/p>\n<p><a href=\"https:\/\/ens9-caba.infd.edu.ar\/sitio\/wp-content\/uploads\/2022\/03\/Bitacora-9-ano-2.pdf\" target=\"_blank\" rel=\"noopener\">Revista Bit\u00e1cora 9 &#8211; A\u00f1o 2 &#8211; Edici\u00f3n 1<\/a><\/p>\n\n\n<div class=\"wp-block-file\"><a href=\"https:\/\/ens9-caba.infd.edu.ar\/sitio\/wp-content\/uploads\/2022\/08\/Revista-Bitacora-9-Ano-3-Edicion-1.pdf\" target=\"_blank\" rel=\"noreferrer noopener\">Revista Bit\u00e1cora 9 &#8211; A\u00f1o 3 &#8211; Edici\u00f3n 1<\/a><a href=\"https:\/\/ens9-caba.infd.edu.ar\/sitio\/wp-content\/uploads\/2022\/08\/Revista-Bitacora-9-Ano-3-Edicion-1.pdf\" class=\"wp-block-file__button\" download>Descarga<\/a><\/div>\n\n\n\n<p><\/p>\n","protected":false},"excerpt":{"rendered":"<p>Bit\u00e1cora 9 muestra un camino a la vez que lo construye.Muestra una huella, un rastro, una estela de esa construcci\u00f3n.Los invitamos a que se sumen a nuestros viajes y naveguemos juntos. Revista Bit\u00e1cora 9 &#8211; A\u00f1o 1 &#8211; Edici\u00f3n 1 Revista Bit\u00e1cora 9 &#8211; A\u00f1o 2 &#8211; Edici\u00f3n 1<\/p>\n","protected":false},"author":851,"featured_media":0,"parent":0,"menu_order":0,"comment_status":"closed","ping_status":"closed","template":"","meta":[],"acf":[],"_links":{"self":[{"href":"https:\/\/ens9-caba.infd.edu.ar\/sitio\/wp-json\/wp\/v2\/pages\/1210"}],"collection":[{"href":"https:\/\/ens9-caba.infd.edu.ar\/sitio\/wp-json\/wp\/v2\/pages"}],"about":[{"href":"https:\/\/ens9-caba.infd.edu.ar\/sitio\/wp-json\/wp\/v2\/types\/page"}],"author":[{"embeddable":true,"href":"https:\/\/ens9-caba.infd.edu.ar\/sitio\/wp-json\/wp\/v2\/users\/851"}],"replies":[{"embeddable":true,"href":"https:\/\/ens9-caba.infd.edu.ar\/sitio\/wp-json\/wp\/v2\/comments?post=1210"}],"version-history":[{"count":11,"href":"https:\/\/ens9-caba.infd.edu.ar\/sitio\/wp-json\/wp\/v2\/pages\/1210\/revisions"}],"predecessor-version":[{"id":1612,"href":"https:\/\/ens9-caba.infd.edu.ar\/sitio\/wp-json\/wp\/v2\/pages\/1210\/revisions\/1612"}],"wp:attachment":[{"href":"https:\/\/ens9-caba.infd.edu.ar\/sitio\/wp-json\/wp\/v2\/media?parent=1210"}],"curies":[{"name":"wp","href":"https:\/\/api.w.org\/{rel}","templated":true}]}}