{"id":1299,"date":"2021-03-30T23:16:45","date_gmt":"2021-03-31T02:16:45","guid":{"rendered":"https:\/\/ens9-caba.infd.edu.ar\/sitio\/?page_id=1299"},"modified":"2025-07-14T12:38:17","modified_gmt":"2025-07-14T15:38:17","slug":"consejo-directivo","status":"publish","type":"page","link":"https:\/\/ens9-caba.infd.edu.ar\/sitio\/consejo-directivo\/","title":{"rendered":"Consejo Directivo"},"content":{"rendered":"<p>\u00a0<\/p>\n<h4><strong><em><u>CONSEJO DIRECTIVO NIVEL TERCIARIO (2025-2029)<\/u><\/em><\/strong><\/h4>\n<p>Presidente: Rectora Prof. Mar\u00eda Gabriela <strong>Mefano<\/strong><\/p>\n<p>Vicepresidente: Vicerrectora Prof. Julieta <strong>Kirczyk<\/strong><\/p>\n<p>Regente de Nivel Terciario<br \/><strong><em>\u00a0En proceso de selecci\u00f3n<\/em><\/strong><\/p>\n<p><strong>CONSEJEROS DOCENTES TITULARES<\/strong><br \/>1- DIEGUEZ, Sol<br \/>2- MOLINA, Carlos<br \/>3- CRISTINA, Mariana<br \/>4- SPINA, Mariana<\/p>\n<p><strong>CONSEJEROS DOCENTES SUPLENTES<\/strong><br \/>1- MORELLO, Lilian Hebe<br \/>2- CHECHELNITZKY, Joaqu\u00edn<\/p>\n<p><strong>CONSEJEROS\/AS ESTUDIANTILES TITULARES<\/strong><br \/>1 LO TARTARO, Luna Candela<br \/>\u200b2 NORANDO, Carolina Laura<br \/>\u200b3 ENRIQUE VAY\u00c1, Mar\u00eda Dolores<br \/>4 MARTINEZ, Vanesa Giselle<\/p>\n<p><strong>CONSEJEROS\/AS ESTUDIANTILES SUPLENTES<\/strong><br \/>1 WYSTIPOROCH, Camila<br \/>2 DIAZ, Violeta<\/p>\n<p><span style=\"font-size: revert; font-weight: bold;\">\u00a0 \u00a0<\/span><\/p>\n<p>\u00a0<\/p>\n<p style=\"text-align: center;\"><strong>REUNIONES DE CONSEJO DIRECTIVO.<\/strong><\/p>\n<p style=\"text-align: center;\">Para comunicarse con el Consejo Directivo contactarse con el siguiente mail:<\/p>\n<p style=\"text-align: center;\"><strong>ens9_consejodirectivo@bue.edu.ar<\/strong><\/p>\n<p><strong>PRONUNCIAMIENTOS.<\/strong><\/p>\n<p>AGOSTO 2021.<\/p>\n<div>\n<div>\n<p><span lang=\"ES-AR\">\u00abEl Consejo Directivo Escuela Normal Superior\u00a0N\u00b0\u00a09, a partir de lo expresado por Sabrina\u00a0Ajmechet, se pronuncia y manifiesta en total desacuerdo considerando que los conceptos antidemocr\u00e1ticos no son\u00a0admisibles\u00a0 tanto\u00a0en\u00a0 las\u00a0pr\u00e1cticas\u00a0 de\u00a0 funcionarios\/as p\u00fablicos como en la participaci\u00f3n de espacios\u00a0educativos .\u00a0<\/span>\u00a0<\/p>\n<\/div>\n<div>\n<p><span lang=\"ES-AR\">Exigimos a las autoridades de la\u00a0CABA\u00a0 que\u00a0se respeten los principios democr\u00e1ticos de las pr\u00e1cticas\u00a0sociales,garantizando\u00a0que los\/as funcionarios\/as\u00a0\u00a0 enmarquen su accionar en los \u00e1mbitos sociales dentro de estos\u00a0principios,\u00a0 y\u00a0consideramos que aquellas personas que los incumplen no deben\u00a0ejercer\u00a0cargos p\u00fablicos\u201d<\/span> .<\/p>\n<\/div>\n<\/div>\n<div>Se suma a este pronunciamiento el realizado por la Comisi\u00f3n de memoria de la\u00a0\u00a0ENS 9<\/div>\n<div>\u00a0<\/div>\n<div>Respecto a la candidatura de Sabrina Ajmechet como candidata a diputada porte\u00f1a, a su cargo en la pol\u00e9mica UniCaba y sus tweets ofensivos y antidemocr\u00e1ticos.\n<p>\u00a0<\/p>\n<div>\u00abLa Comisi\u00f3n de memoria de la Escuela Normal Superior Nro 9 se pronuncia y manifiesta rechazando declaraciones inhumanas e impol\u00edticas que se alejan del buen proceder de cualquiera de lxs funcionarios\/as que pretendan incidir en cargos a favor del lazo social y en especial en el \u00e1mbito educativo. Exigimos a las autoridades de la CABA a que se respeten los principios democr\u00e1ticos que lxs funcionarixs deben respetar para enmarcar su pr\u00e1ctica social no permiti\u00e9ndole a aspirantes o a lxs que ya est\u00e9n ejerciendo, conformar gerencias o cargos de oficio\u00bb<\/div>\n<\/div>\n\n\n<div class=\"wp-block-file\"><a id=\"wp-block-file--media-53826348-7bd6-4ce9-8285-77125a47a3ac\" href=\"https:\/\/ens9-caba.infd.edu.ar\/sitio\/wp-content\/uploads\/2021\/09\/ACTA-CONSEJO-DIRECTIVO-11-de-Agosto-2021.pdf\">ACTA CONSEJO DIRECTIVO 11 de Agosto 2021<\/a><a href=\"https:\/\/ens9-caba.infd.edu.ar\/sitio\/wp-content\/uploads\/2021\/09\/ACTA-CONSEJO-DIRECTIVO-11-de-Agosto-2021.pdf\" class=\"wp-block-file__button wp-element-button\" download aria-describedby=\"wp-block-file--media-53826348-7bd6-4ce9-8285-77125a47a3ac\">Descarga<\/a><\/div>\n\n\n\n<p><\/p>\n","protected":false},"excerpt":{"rendered":"<p>\u00a0 CONSEJO DIRECTIVO NIVEL TERCIARIO (2025-2029) Presidente: Rectora Prof. Mar\u00eda Gabriela Mefano Vicepresidente: Vicerrectora Prof. Julieta Kirczyk Regente de Nivel Terciario\u00a0En proceso de selecci\u00f3n CONSEJEROS DOCENTES TITULARES1- DIEGUEZ, Sol2- MOLINA, Carlos3- CRISTINA, Mariana4- SPINA, Mariana CONSEJEROS DOCENTES SUPLENTES1- MORELLO, Lilian Hebe2- CHECHELNITZKY, Joaqu\u00edn CONSEJEROS\/AS ESTUDIANTILES TITULARES1 LO TARTARO, Luna Candela\u200b2 NORANDO, Carolina Laura\u200b3 ENRIQUE VAY\u00c1, &#8230; <a title=\"Consejo Directivo\" class=\"read-more\" href=\"https:\/\/ens9-caba.infd.edu.ar\/sitio\/consejo-directivo\/\" aria-label=\"More on Consejo Directivo\">[+]<\/a><\/p>\n","protected":false},"author":212,"featured_media":0,"parent":0,"menu_order":0,"comment_status":"closed","ping_status":"closed","template":"","meta":[],"acf":[],"_links":{"self":[{"href":"https:\/\/ens9-caba.infd.edu.ar\/sitio\/wp-json\/wp\/v2\/pages\/1299"}],"collection":[{"href":"https:\/\/ens9-caba.infd.edu.ar\/sitio\/wp-json\/wp\/v2\/pages"}],"about":[{"href":"https:\/\/ens9-caba.infd.edu.ar\/sitio\/wp-json\/wp\/v2\/types\/page"}],"author":[{"embeddable":true,"href":"https:\/\/ens9-caba.infd.edu.ar\/sitio\/wp-json\/wp\/v2\/users\/212"}],"replies":[{"embeddable":true,"href":"https:\/\/ens9-caba.infd.edu.ar\/sitio\/wp-json\/wp\/v2\/comments?post=1299"}],"version-history":[{"count":21,"href":"https:\/\/ens9-caba.infd.edu.ar\/sitio\/wp-json\/wp\/v2\/pages\/1299\/revisions"}],"predecessor-version":[{"id":1987,"href":"https:\/\/ens9-caba.infd.edu.ar\/sitio\/wp-json\/wp\/v2\/pages\/1299\/revisions\/1987"}],"wp:attachment":[{"href":"https:\/\/ens9-caba.infd.edu.ar\/sitio\/wp-json\/wp\/v2\/media?parent=1299"}],"curies":[{"name":"wp","href":"https:\/\/api.w.org\/{rel}","templated":true}]}}