{"id":1563,"date":"2022-08-05T13:47:17","date_gmt":"2022-08-05T16:47:17","guid":{"rendered":"https:\/\/ens9-caba.infd.edu.ar\/sitio\/?page_id=1563"},"modified":"2023-11-15T12:59:32","modified_gmt":"2023-11-15T15:59:32","slug":"volantes","status":"publish","type":"page","link":"https:\/\/ens9-caba.infd.edu.ar\/sitio\/volantes\/","title":{"rendered":"Volantes que quieran cursar en el ENS N\u00b0 9"},"content":{"rendered":"\n<figure class=\"wp-block-image size-full\"><img decoding=\"async\" loading=\"lazy\" width=\"681\" height=\"564\" src=\"https:\/\/ens9-caba.infd.edu.ar\/sitio\/wp-content\/uploads\/2023\/11\/Para-alunxs-que-quieren-cursar-en-el-9-como-volantes-1.jpg\" alt=\"\" class=\"wp-image-1837\"\/><\/figure>\n\n\n\n<p>Formulario 1 car\u00e1tula para legajo (<a href=\"https:\/\/ens9-caba.infd.edu.ar\/sitio\/wp-content\/uploads\/2022\/02\/Formulario-1-PLANILLA_inscrip_LEGAJO_2022.pdf\">descargalo de ac\u00e1<\/a>).<\/p>\n\n\n\n<p>Formulario 2 <a href=\"https:\/\/ens9-caba.infd.edu.ar\/sitio\/wp-content\/uploads\/2023\/11\/Formulario-3-Inscripcion_Materias_PEP_2020.doc\">Planilla de inscripci\u00f3n a materias PEP<\/a> (si curs\u00e1s Primaria)<\/p>\n\n\n\n<p>Formulario 3 <a href=\"https:\/\/ens9-caba.infd.edu.ar\/sitio\/wp-content\/uploads\/2023\/11\/Formulario-2-Inscripcion_Materias_PEI_2020.doc\">Planilla de inscripci\u00f3n a materias PEI<\/a> (si curs\u00e1s Inicial)<\/p>\n\n\n\n<p>Por favor, atiendan a<a href=\"https:\/\/ens9-caba.infd.edu.ar\/sitio\/informacion-para-alumnos\/\"> las fechas estimadas en la agenda educativa<\/a> para ello.<\/p>\n\n\n\n<p><\/p>\n","protected":false},"excerpt":{"rendered":"<p>Formulario 1 car\u00e1tula para legajo (descargalo de ac\u00e1). Formulario 2 Planilla de inscripci\u00f3n a materias PEP (si curs\u00e1s Primaria) Formulario 3 Planilla de inscripci\u00f3n a materias PEI (si curs\u00e1s Inicial) Por favor, atiendan a las fechas estimadas en la agenda educativa para ello.<\/p>\n","protected":false},"author":851,"featured_media":0,"parent":0,"menu_order":0,"comment_status":"closed","ping_status":"closed","template":"","meta":[],"acf":[],"_links":{"self":[{"href":"https:\/\/ens9-caba.infd.edu.ar\/sitio\/wp-json\/wp\/v2\/pages\/1563"}],"collection":[{"href":"https:\/\/ens9-caba.infd.edu.ar\/sitio\/wp-json\/wp\/v2\/pages"}],"about":[{"href":"https:\/\/ens9-caba.infd.edu.ar\/sitio\/wp-json\/wp\/v2\/types\/page"}],"author":[{"embeddable":true,"href":"https:\/\/ens9-caba.infd.edu.ar\/sitio\/wp-json\/wp\/v2\/users\/851"}],"replies":[{"embeddable":true,"href":"https:\/\/ens9-caba.infd.edu.ar\/sitio\/wp-json\/wp\/v2\/comments?post=1563"}],"version-history":[{"count":5,"href":"https:\/\/ens9-caba.infd.edu.ar\/sitio\/wp-json\/wp\/v2\/pages\/1563\/revisions"}],"predecessor-version":[{"id":1840,"href":"https:\/\/ens9-caba.infd.edu.ar\/sitio\/wp-json\/wp\/v2\/pages\/1563\/revisions\/1840"}],"wp:attachment":[{"href":"https:\/\/ens9-caba.infd.edu.ar\/sitio\/wp-json\/wp\/v2\/media?parent=1563"}],"curies":[{"name":"wp","href":"https:\/\/api.w.org\/{rel}","templated":true}]}}