{"id":1613,"date":"2022-10-13T10:43:21","date_gmt":"2022-10-13T13:43:21","guid":{"rendered":"https:\/\/ens9-caba.infd.edu.ar\/sitio\/?page_id=1613"},"modified":"2022-10-13T10:43:22","modified_gmt":"2022-10-13T13:43:22","slug":"el-normal-9-abre-sus-puertas-a-la-comunidad","status":"publish","type":"page","link":"https:\/\/ens9-caba.infd.edu.ar\/sitio\/el-normal-9-abre-sus-puertas-a-la-comunidad\/","title":{"rendered":"EL NORMAL 9 ABRE SUS PUERTAS A LA COMUNIDAD"},"content":{"rendered":"\n<p>La Jornada l\u00fadica en el Pasaje Disc\u00e9polo pone en \u201cjuego\u201dconcepciones te\u00f3ricas en una propuesta que invita a participar, tanto a los ni\u00f1os y ni\u00f1as del Normal 9, como a aquellos que transitan por ese espacio p\u00fablico.<br>Este proyecto\u00a0 que, desde el juego,\u00a0 promueve el disfrute y el aprendizaje, tiene varios objetivos did\u00e1cticos- pedag\u00f3gicos, tanto as\u00ed el interior de la instituci\u00f3n como a la comunidad en general.<br>Objetivos:<br>1.- Dise\u00f1ar propuestas por parte de las\/os estudiantes del profesorado que conlleven otras formas de conocer y aprender.<br>2.- Generar actividades que afiancen la articulaci\u00f3n de los niveles que conforman el Normal.<br>3.- Construir grupalmente propuestas de ense\u00f1anza y de aprendizaje.<br>4.- Salir desde el nivel terciario al encuentro de la comunidad para comunicar e intercambiar sobre modos de generar conocimiento.<br>Esta Jornada plasma en una actividad algunos de los principios desde los cuales se piensa la formaci\u00f3n docente.<\/p>\n\n\n\n<p><a href=\"https:\/\/www.canva.com\/design\/DAFN8Q7L0cw\/zsn5w10SxL9GxBR25oT51g\/watch?utm_content=DAFN8Q7L0cw&amp;utm_campaign=designshare&amp;utm_medium=link&amp;utm_source=publishsharelink\" data-type=\"URL\" data-id=\"https:\/\/www.canva.com\/design\/DAFN8Q7L0cw\/zsn5w10SxL9GxBR25oT51g\/watch?utm_content=DAFN8Q7L0cw&amp;utm_campaign=designshare&amp;utm_medium=link&amp;utm_source=publishsharelink\" target=\"_blank\" rel=\"noreferrer noopener\">VER VIDEO<\/a><\/p>\n\n\n\n<p>Equipo del Nivel Terciario<\/p>\n","protected":false},"excerpt":{"rendered":"<p>La Jornada l\u00fadica en el Pasaje Disc\u00e9polo pone en \u201cjuego\u201dconcepciones te\u00f3ricas en una propuesta que invita a participar, tanto a los ni\u00f1os y ni\u00f1as del Normal 9, como a aquellos que transitan por ese espacio p\u00fablico.Este proyecto\u00a0 que, desde el juego,\u00a0 promueve el disfrute y el aprendizaje, tiene varios objetivos did\u00e1cticos- pedag\u00f3gicos, tanto as\u00ed el &#8230; <a title=\"EL NORMAL 9 ABRE SUS PUERTAS A LA COMUNIDAD\" class=\"read-more\" href=\"https:\/\/ens9-caba.infd.edu.ar\/sitio\/el-normal-9-abre-sus-puertas-a-la-comunidad\/\" aria-label=\"More on EL NORMAL 9 ABRE SUS PUERTAS A LA COMUNIDAD\">[+]<\/a><\/p>\n","protected":false},"author":851,"featured_media":0,"parent":0,"menu_order":0,"comment_status":"closed","ping_status":"closed","template":"","meta":[],"acf":[],"_links":{"self":[{"href":"https:\/\/ens9-caba.infd.edu.ar\/sitio\/wp-json\/wp\/v2\/pages\/1613"}],"collection":[{"href":"https:\/\/ens9-caba.infd.edu.ar\/sitio\/wp-json\/wp\/v2\/pages"}],"about":[{"href":"https:\/\/ens9-caba.infd.edu.ar\/sitio\/wp-json\/wp\/v2\/types\/page"}],"author":[{"embeddable":true,"href":"https:\/\/ens9-caba.infd.edu.ar\/sitio\/wp-json\/wp\/v2\/users\/851"}],"replies":[{"embeddable":true,"href":"https:\/\/ens9-caba.infd.edu.ar\/sitio\/wp-json\/wp\/v2\/comments?post=1613"}],"version-history":[{"count":2,"href":"https:\/\/ens9-caba.infd.edu.ar\/sitio\/wp-json\/wp\/v2\/pages\/1613\/revisions"}],"predecessor-version":[{"id":1615,"href":"https:\/\/ens9-caba.infd.edu.ar\/sitio\/wp-json\/wp\/v2\/pages\/1613\/revisions\/1615"}],"wp:attachment":[{"href":"https:\/\/ens9-caba.infd.edu.ar\/sitio\/wp-json\/wp\/v2\/media?parent=1613"}],"curies":[{"name":"wp","href":"https:\/\/api.w.org\/{rel}","templated":true}]}}